{"id":653,"date":"2022-01-29T12:42:31","date_gmt":"2022-01-29T12:42:31","guid":{"rendered":"https:\/\/jolinden.nl\/?page_id=653"},"modified":"2024-03-29T11:29:09","modified_gmt":"2024-03-29T11:29:09","slug":"epiloog","status":"publish","type":"page","link":"https:\/\/jolinden.nl\/index.php\/epiloog\/","title":{"rendered":"Epiloog"},"content":{"rendered":"\n<p>Ondanks mijn omzwervingen door het land, heb ik me mijn hele leven lang Kerkradenaar gevoeld en de latente behoefte gehad om ooit naar mijn geboorteplaats terug te keren.<\/p>\n\n\n\n<p>Tijdens de dialectmis \u201cAme tsezame\u201d die op 5 januari 2020 in de Lambertuskerk in Kerkrade werd gehouden, zong een kleine afvaardiging van het Kerkkoor een liedje met de onderstaande tekst in Kerkraads dialect. Die tekst gaat over iemand die op meerdere plaatsen naar zijn geluk en zijn thuisgevoel heeft gezocht, maar dat niet heeft kunnen vinden. Op het moment dat hij de kerkklokken van de Lambertuskerk in Kerkrade hoort klinken, weet hij dat hij weer thuis is.<\/p>\n\n\n\n<p><strong><em>De klokke van de Lambe\u00ebtes<\/em><\/strong><\/p>\n\n\n\n<p><strong><em>W\u00f6ad: Maurice Hinzen, Or. : Kl\u00fcngelk\u00f6pp, \u201cSt\u00e4\u00e4ne\u201d<\/em><\/strong><\/p>\n\n\n\n<p><strong><em>Koeplet 1<\/em><\/strong><\/p>\n\n\n\n<p><strong><em>De janse welt han iech jezie\u00eb<\/em><\/strong><br><strong><em>Iech zoe\u00ebt van al mar v\u00f3ng nieks mie\u00eb<\/em><\/strong><br><strong><em>Woa woar mie heem, doa wil iech hen<\/em><\/strong><br><strong><em>En hof mar dat iech heem nog ving<\/em><\/strong><\/p>\n\n\n\n<p><strong><em>Al me le\u00ebve woar iech \u00f3p zuk<\/em><\/strong> <br><strong><em>Noa mie heem en mie jeluk<\/em><\/strong> <br><strong><em>En jong mar durch, bloof nurjens sjtoa<\/em><\/strong> <br><strong><em>Iech jeleuf iech m\u00f3s \u00f3p heem aa joa<\/em><\/strong><\/p>\n\n\n\n<p><strong><em>Refreng (2x)<\/em><\/strong><\/p>\n\n\n\n<p><strong><em>Wen de klokke van de Lambe\u00ebtes<\/em><\/strong> <br><strong><em>Klinke durch mie Kirchroa<\/em><\/strong> <br><strong><em>Joa dan wees iech dat iech werm heem bin<\/em><\/strong> <strong><em>Dat iech heem bin, hei bij diech<\/em><\/strong><\/p>\n\n\n\n<p><strong><em>Koeplet 2<\/em><\/strong><\/p>\n\n\n\n<p><strong><em>Al die joare, woa zunt ze hin<\/em><\/strong> <br><strong><em>Um tse zukke wat iech nit ving<\/em><\/strong> <br><strong><em>En in mie hats veul iech al lang<\/em><\/strong> <br><strong><em>Dat iech mit heem \u2019t jruetste han<\/em><\/strong><\/p>\n\n\n\n<p><strong><em>Sjlis dieng oge en doe zals zie\u00eb<\/em><\/strong> <br><strong><em>Zoe\u00eb wiet voet is heem nit mi\u00eb<\/em><\/strong> <br><strong><em>Noa die tsiet wees iech jewis<\/em><\/strong> <br><strong><em>Dat mie heem hei bij diech is<\/em><\/strong><\/p>\n\n\n\n<p><strong><em>Refreng (2x)<\/em><\/strong><\/p>\n\n\n\n<p><strong><em>Wen de klokke van de Lambe\u00ebtes<\/em><\/strong> <br><strong><em>Klinke durch mie Kirchroa<\/em><\/strong> <br><strong><em>Joa dan wees iech dat iech werm heem bin<\/em><\/strong> <br><strong><em>Dat iech heem bin, hei bij diech<\/em><\/strong><\/p>\n\n\n<p>Klik <a href=\"https:\/\/jolinden.nl\/index.php\/inhoudsopgave-biografie\/\">hier<\/a> om terug te keren naar de inhoudsopgave<\/p>","protected":false},"excerpt":{"rendered":"<p>Ondanks mijn omzwervingen door het land, heb ik me mijn hele leven lang Kerkradenaar gevoeld en de latente behoefte gehad om ooit naar mijn geboorteplaats terug te keren. Tijdens de dialectmis \u201cAme tsezame\u201d die op 5 januari 2020 in de Lambertuskerk in Kerkrade werd gehouden, zong een kleine afvaardiging van het Kerkkoor een liedje met &hellip;<\/p>\n<p class=\"read-more\"> <a class=\"\" href=\"https:\/\/jolinden.nl\/index.php\/epiloog\/\"> <span class=\"screen-reader-text\">Epiloog<\/span> Lees verder &raquo;<\/a><\/p>\n","protected":false},"author":2,"featured_media":0,"parent":0,"menu_order":0,"comment_status":"open","ping_status":"closed","template":"","meta":{"site-sidebar-layout":"default","site-content-layout":"default","ast-main-header-display":"","ast-hfb-above-header-display":"","ast-hfb-below-header-display":"","ast-hfb-mobile-header-display":"","site-post-title":"","ast-breadcrumbs-content":"","ast-featured-img":"","footer-sml-layout":"","theme-transparent-header-meta":"","adv-header-id-meta":"","stick-header-meta":"","header-above-stick-meta":"","header-main-stick-meta":"","header-below-stick-meta":"","ngg_post_thumbnail":0,"footnotes":""},"class_list":["post-653","page","type-page","status-publish","hentry"],"yoast_head":"<!-- This site is optimized with the Yoast SEO plugin v27.5 - https:\/\/yoast.com\/product\/yoast-seo-wordpress\/ -->\n<title>Epiloog - Jo Linden<\/title>\n<meta name=\"robots\" content=\"index, follow, max-snippet:-1, max-image-preview:large, max-video-preview:-1\" \/>\n<link rel=\"canonical\" href=\"https:\/\/jolinden.nl\/index.php\/epiloog\/\" \/>\n<meta property=\"og:locale\" content=\"nl_NL\" \/>\n<meta property=\"og:type\" content=\"article\" \/>\n<meta property=\"og:title\" content=\"Epiloog - Jo Linden\" \/>\n<meta property=\"og:description\" content=\"Ondanks mijn omzwervingen door het land, heb ik me mijn hele leven lang Kerkradenaar gevoeld en de latente behoefte gehad om ooit naar mijn geboorteplaats terug te keren. Tijdens de dialectmis \u201cAme tsezame\u201d die op 5 januari 2020 in de Lambertuskerk in Kerkrade werd gehouden, zong een kleine afvaardiging van het Kerkkoor een liedje met &hellip; Epiloog Lees verder &raquo;\" \/>\n<meta property=\"og:url\" content=\"https:\/\/jolinden.nl\/index.php\/epiloog\/\" \/>\n<meta property=\"og:site_name\" content=\"Jo Linden\" \/>\n<meta property=\"article:modified_time\" content=\"2024-03-29T11:29:09+00:00\" \/>\n<meta name=\"twitter:card\" content=\"summary_large_image\" \/>\n<meta name=\"twitter:label1\" content=\"Geschatte leestijd\" \/>\n\t<meta name=\"twitter:data1\" content=\"2 minuten\" \/>\n<script type=\"application\/ld+json\" class=\"yoast-schema-graph\">{\"@context\":\"https:\\\/\\\/schema.org\",\"@graph\":[{\"@type\":\"WebPage\",\"@id\":\"https:\\\/\\\/jolinden.nl\\\/index.php\\\/epiloog\\\/\",\"url\":\"https:\\\/\\\/jolinden.nl\\\/index.php\\\/epiloog\\\/\",\"name\":\"Epiloog - Jo Linden\",\"isPartOf\":{\"@id\":\"https:\\\/\\\/jolinden.nl\\\/#website\"},\"datePublished\":\"2022-01-29T12:42:31+00:00\",\"dateModified\":\"2024-03-29T11:29:09+00:00\",\"breadcrumb\":{\"@id\":\"https:\\\/\\\/jolinden.nl\\\/index.php\\\/epiloog\\\/#breadcrumb\"},\"inLanguage\":\"nl-NL\",\"potentialAction\":[{\"@type\":\"ReadAction\",\"target\":[\"https:\\\/\\\/jolinden.nl\\\/index.php\\\/epiloog\\\/\"]}]},{\"@type\":\"BreadcrumbList\",\"@id\":\"https:\\\/\\\/jolinden.nl\\\/index.php\\\/epiloog\\\/#breadcrumb\",\"itemListElement\":[{\"@type\":\"ListItem\",\"position\":1,\"name\":\"Home\",\"item\":\"https:\\\/\\\/jolinden.nl\\\/\"},{\"@type\":\"ListItem\",\"position\":2,\"name\":\"Epiloog\"}]},{\"@type\":\"WebSite\",\"@id\":\"https:\\\/\\\/jolinden.nl\\\/#website\",\"url\":\"https:\\\/\\\/jolinden.nl\\\/\",\"name\":\"Jo Linden\",\"description\":\"Welkom op mijn website\",\"publisher\":{\"@id\":\"https:\\\/\\\/jolinden.nl\\\/#organization\"},\"potentialAction\":[{\"@type\":\"SearchAction\",\"target\":{\"@type\":\"EntryPoint\",\"urlTemplate\":\"https:\\\/\\\/jolinden.nl\\\/?s={search_term_string}\"},\"query-input\":{\"@type\":\"PropertyValueSpecification\",\"valueRequired\":true,\"valueName\":\"search_term_string\"}}],\"inLanguage\":\"nl-NL\"},{\"@type\":\"Organization\",\"@id\":\"https:\\\/\\\/jolinden.nl\\\/#organization\",\"name\":\"Jo Linden\",\"url\":\"https:\\\/\\\/jolinden.nl\\\/\",\"logo\":{\"@type\":\"ImageObject\",\"inLanguage\":\"nl-NL\",\"@id\":\"https:\\\/\\\/jolinden.nl\\\/#\\\/schema\\\/logo\\\/image\\\/\",\"url\":\"https:\\\/\\\/jolinden.nl\\\/wp-content\\\/uploads\\\/2023\\\/05\\\/Header_orig.png\",\"contentUrl\":\"https:\\\/\\\/jolinden.nl\\\/wp-content\\\/uploads\\\/2023\\\/05\\\/Header_orig.png\",\"width\":924,\"height\":249,\"caption\":\"Jo Linden\"},\"image\":{\"@id\":\"https:\\\/\\\/jolinden.nl\\\/#\\\/schema\\\/logo\\\/image\\\/\"}}]}<\/script>\n<!-- \/ Yoast SEO plugin. -->","yoast_head_json":{"title":"Epiloog - Jo Linden","robots":{"index":"index","follow":"follow","max-snippet":"max-snippet:-1","max-image-preview":"max-image-preview:large","max-video-preview":"max-video-preview:-1"},"canonical":"https:\/\/jolinden.nl\/index.php\/epiloog\/","og_locale":"nl_NL","og_type":"article","og_title":"Epiloog - Jo Linden","og_description":"Ondanks mijn omzwervingen door het land, heb ik me mijn hele leven lang Kerkradenaar gevoeld en de latente behoefte gehad om ooit naar mijn geboorteplaats terug te keren. Tijdens de dialectmis \u201cAme tsezame\u201d die op 5 januari 2020 in de Lambertuskerk in Kerkrade werd gehouden, zong een kleine afvaardiging van het Kerkkoor een liedje met &hellip; Epiloog Lees verder &raquo;","og_url":"https:\/\/jolinden.nl\/index.php\/epiloog\/","og_site_name":"Jo Linden","article_modified_time":"2024-03-29T11:29:09+00:00","twitter_card":"summary_large_image","twitter_misc":{"Geschatte leestijd":"2 minuten"},"schema":{"@context":"https:\/\/schema.org","@graph":[{"@type":"WebPage","@id":"https:\/\/jolinden.nl\/index.php\/epiloog\/","url":"https:\/\/jolinden.nl\/index.php\/epiloog\/","name":"Epiloog - Jo Linden","isPartOf":{"@id":"https:\/\/jolinden.nl\/#website"},"datePublished":"2022-01-29T12:42:31+00:00","dateModified":"2024-03-29T11:29:09+00:00","breadcrumb":{"@id":"https:\/\/jolinden.nl\/index.php\/epiloog\/#breadcrumb"},"inLanguage":"nl-NL","potentialAction":[{"@type":"ReadAction","target":["https:\/\/jolinden.nl\/index.php\/epiloog\/"]}]},{"@type":"BreadcrumbList","@id":"https:\/\/jolinden.nl\/index.php\/epiloog\/#breadcrumb","itemListElement":[{"@type":"ListItem","position":1,"name":"Home","item":"https:\/\/jolinden.nl\/"},{"@type":"ListItem","position":2,"name":"Epiloog"}]},{"@type":"WebSite","@id":"https:\/\/jolinden.nl\/#website","url":"https:\/\/jolinden.nl\/","name":"Jo Linden","description":"Welkom op mijn website","publisher":{"@id":"https:\/\/jolinden.nl\/#organization"},"potentialAction":[{"@type":"SearchAction","target":{"@type":"EntryPoint","urlTemplate":"https:\/\/jolinden.nl\/?s={search_term_string}"},"query-input":{"@type":"PropertyValueSpecification","valueRequired":true,"valueName":"search_term_string"}}],"inLanguage":"nl-NL"},{"@type":"Organization","@id":"https:\/\/jolinden.nl\/#organization","name":"Jo Linden","url":"https:\/\/jolinden.nl\/","logo":{"@type":"ImageObject","inLanguage":"nl-NL","@id":"https:\/\/jolinden.nl\/#\/schema\/logo\/image\/","url":"https:\/\/jolinden.nl\/wp-content\/uploads\/2023\/05\/Header_orig.png","contentUrl":"https:\/\/jolinden.nl\/wp-content\/uploads\/2023\/05\/Header_orig.png","width":924,"height":249,"caption":"Jo Linden"},"image":{"@id":"https:\/\/jolinden.nl\/#\/schema\/logo\/image\/"}}]}},"_links":{"self":[{"href":"https:\/\/jolinden.nl\/index.php\/wp-json\/wp\/v2\/pages\/653","targetHints":{"allow":["GET"]}}],"collection":[{"href":"https:\/\/jolinden.nl\/index.php\/wp-json\/wp\/v2\/pages"}],"about":[{"href":"https:\/\/jolinden.nl\/index.php\/wp-json\/wp\/v2\/types\/page"}],"author":[{"embeddable":true,"href":"https:\/\/jolinden.nl\/index.php\/wp-json\/wp\/v2\/users\/2"}],"replies":[{"embeddable":true,"href":"https:\/\/jolinden.nl\/index.php\/wp-json\/wp\/v2\/comments?post=653"}],"version-history":[{"count":2,"href":"https:\/\/jolinden.nl\/index.php\/wp-json\/wp\/v2\/pages\/653\/revisions"}],"predecessor-version":[{"id":1525,"href":"https:\/\/jolinden.nl\/index.php\/wp-json\/wp\/v2\/pages\/653\/revisions\/1525"}],"wp:attachment":[{"href":"https:\/\/jolinden.nl\/index.php\/wp-json\/wp\/v2\/media?parent=653"}],"curies":[{"name":"wp","href":"https:\/\/api.w.org\/{rel}","templated":true}]}}